{"id":170,"date":"2021-04-19T13:46:28","date_gmt":"2021-04-19T13:46:28","guid":{"rendered":"https:\/\/demo.artureanec.com\/themes\/agrarium\/?page_id=170"},"modified":"2025-03-21T10:41:24","modified_gmt":"2025-03-21T10:41:24","slug":"ochrana-soukromi","status":"publish","type":"page","link":"https:\/\/ggi-czech.cz\/en\/ochrana-soukromi\/","title":{"rendered":"Ochrana soukromi"},"content":{"rendered":"<div data-elementor-type=\"wp-page\" data-elementor-id=\"170\" class=\"elementor elementor-170\" data-elementor-post-type=\"page\">\n\t\t\t\t\t\t<section class=\"elementor-section elementor-top-section elementor-element elementor-element-7bc6c17 elementor-section-boxed elementor-section-height-default elementor-section-height-default\" data-id=\"7bc6c17\" data-element_type=\"section\" data-e-type=\"section\">\n\t\t\t\t\t\t<div class=\"elementor-container elementor-column-gap-default\">\n\t\t\t\t\t<div class=\"elementor-column elementor-col-100 elementor-top-column elementor-element elementor-element-3a45e6c\" data-id=\"3a45e6c\" data-element_type=\"column\" data-e-type=\"column\">\n\t\t\t<div class=\"elementor-widget-wrap elementor-element-populated\">\n\t\t\t\t\t\t<div class=\"elementor-element elementor-element-21bd7d1 elementor-widget elementor-widget-text-editor\" data-id=\"21bd7d1\" data-element_type=\"widget\" data-e-type=\"widget\" data-widget_type=\"text-editor.default\">\n\t\t\t\t<div class=\"elementor-widget-container\">\n\t\t\t\t\t\t\t\t\t<h2><strong>Provozovatel webu<\/strong><\/h2><p>Vlastn\u00edkem a provozovatelem t\u011bchto\u00a0webov\u00fdch str\u00e1nek je\u00a0<b>GGI-CZECH s.r.o.<\/b><\/p><h2><strong>Autorsk\u00e1 pr\u00e1va<\/strong><\/h2><p>Obsah webu je v cel\u00e9m rozsahu chr\u00e1n\u011bn autorsk\u00fdm pr\u00e1vem. Nen\u00ed-li v\u00fdslovn\u011b uvedeno jinak, nen\u00ed mo\u017en\u00e9 obsah p\u0159eb\u00edrat, kop\u00edrovat, reprodukovat ani d\u00e1le \u0161\u00ed\u0159it jin\u00fdmi kan\u00e1ly, s v\u00fdjimkou tisku pro osobn\u00ed pot\u0159ebu a stru\u010dn\u00fdch citac\u00ed \u010di n\u00e1hled\u016f na soci\u00e1ln\u00edch s\u00edt\u00edch s uveden\u00edm zdroje. Souhlas s u\u017eit\u00edm obsahu mus\u00ed b\u00fdt v\u017edy p\u00edsemn\u00fd a lze o n\u011bj po\u017e\u00e1dat.<\/p><h2><strong>Prohl\u00e1\u0161en\u00ed o p\u0159\u00edstupnosti<\/strong><\/h2><p>Autor www str\u00e1nek prohla\u0161uje, \u017ee tyto str\u00e1nky se sna\u017e\u00ed o\u00a0maxim\u00e1ln\u00ed p\u0159\u00edstupnost obsahu i\u00a0v\u0161ech sv\u00fdch funk\u010dnost\u00ed pro v\u0161echny u\u017eivatele internetu.<\/p><h2><strong>Informace o tv\u016frci webu<\/strong><\/h2><p>Webov\u00e9 str\u00e1nky jsou vytvo\u0159eny na publika\u010dn\u00edm syst\u00e9mu WordPress. Str\u00e1nky vytvo\u0159il a navrhl Mgr. Tom\u00e1\u0161 Valach. Kontaktovat jej m\u016f\u017eete na\u00a0<span style=\"color: #eece38;\"><strong><a style=\"color: #eece38;\" href=\"https:\/\/tomasvalach.cz\/\">www.tomasvalach.cz<\/a><\/strong><\/span><\/p><h2><strong>Ochrana dat<\/strong><\/h2><p>P\u0159\u00edstup na str\u00e1nky m\u016f\u017ee b\u00fdt ze strany provozovatele podm\u00edn\u011bn poskytnut\u00edm n\u011bkter\u00fdch osobn\u00edch \u00fadaj\u016f. V takov\u00e9m p\u0159\u00edpad\u011b bude provozovatel nakl\u00e1dat s t\u011bmito \u00fadaji v souladu s platn\u00fdmi pr\u00e1vn\u00edmi p\u0159edpisy. Poskytnut\u00edm t\u011bchto \u00fadaj\u016f vyslovuje u\u017eivatel souhlas se zpracov\u00e1n\u00ed osobn\u00edch \u00fadaj\u016f provozovatelem.<\/p><h2><strong>K\u00f3dy t\u0159et\u00edch stran<\/strong><\/h2><p>Provozovatel spolupracuje se spole\u010dnostmi, kter\u00e9 mu poskytuj\u00ed r\u016fzn\u00e9 slu\u017eby. Tyto spole\u010dnosti, pokud jsou k\u00a0tomu opr\u00e1vn\u011bn\u00e9, mohou nakl\u00e1dat s\u00a0osobn\u00edmi \u00fadaji u\u017eivatele, p\u0159i\u010dem\u017e s\u00a0t\u011bmito informacemi pracuj\u00ed pouze p\u0159i pln\u011bn\u00ed sv\u00fdch povinnost\u00ed a\u00a0nesm\u00ed je pou\u017e\u00edt k\u00a0jin\u00e9mu \u00fa\u010delu. Provozovatel neprod\u00e1v\u00e1, nep\u0159ev\u00e1d\u00ed a\u00a0nesd\u011bluje osobn\u00ed \u00fadaje t\u0159et\u00edm stran\u00e1m, pokud to nen\u00ed t\u0159eba k\u00a0napln\u011bn\u00ed pr\u00e1vn\u00edch p\u0159edpis\u016f.<\/p><p>Pokud si u\u017eivatel p\u0159eje opravit nebo smazat osobn\u00ed data, kter\u00e9 o\u00a0n\u011bm provozovatel m\u00e1, m\u016f\u017ee jej o\u00a0to po\u017e\u00e1dat prost\u0159ednictv\u00edm kontaktn\u00edch \u00fadaj\u016f uveden\u00fdch na\u00a0t\u011bchto str\u00e1nk\u00e1ch.<br \/><br \/><\/p><h2><strong>Prohl\u00e1\u0161en\u00ed o zodpov\u011bdnosti<\/strong><\/h2><p>Informace o plemenn\u00fdch hodnot\u00e1ch uveden\u00fdch na\u00a0<span style=\"color: #eece38;\"><a style=\"color: #eece38;\" href=\"https:\/\/ggi-czech.cz\"><strong>www.ggi-czech.cz<\/strong><\/a><\/span>\u00a0jsou zalo\u017eeny na po\u010d\u00edta\u010dov\u00e9m modelu spole\u010dnosti VIT (N\u011bmecko). Informace o zdravotn\u00edm stavu b\u00fdk\u016f vypl\u00edvaj\u00ed ze zji\u0161t\u011bn\u00ed v n\u00e1rodn\u00edch a mezin\u00e1rodn\u00edch laborato\u0159\u00edch. Za p\u0159esnost t\u011bchto zve\u0159ej\u0148ovan\u00fdch \u00fadaj\u016f spole\u010dnost GGI CZECH s. r. o. nep\u0159eb\u00edr\u00e1 zodpov\u011bdnost. Pro dal\u0161\u00ed informace n\u00e1s pros\u00edm kontaktujte na\u00a0<span style=\"color: #eece38;\"><strong><a style=\"color: #eece38;\" href=\"mailto:info@ggi-czech.cz\">info@ggi-czech.cz<\/a><\/strong><\/span>.<\/p>\t\t\t\t\t\t\t\t<\/div>\n\t\t\t\t<\/div>\n\t\t\t\t<div class=\"elementor-element elementor-element-3baaefa elementor-widget elementor-widget-spacer\" data-id=\"3baaefa\" data-element_type=\"widget\" data-e-type=\"widget\" data-widget_type=\"spacer.default\">\n\t\t\t\t<div class=\"elementor-widget-container\">\n\t\t\t\t\t\t\t<div class=\"elementor-spacer\">\n\t\t\t<div class=\"elementor-spacer-inner\"><\/div>\n\t\t<\/div>\n\t\t\t\t\t\t<\/div>\n\t\t\t\t<\/div>\n\t\t\t\t\t<\/div>\n\t\t<\/div>\n\t\t\t\t\t<\/div>\n\t\t<\/section>\n\t\t\t\t<\/div>","protected":false},"excerpt":{"rendered":"<p>Provozovatel webu Vlastn\u00edkem a provozovatelem t\u011bchto\u00a0webov\u00fdch str\u00e1nek je\u00a0GGI-CZECH s.r.o. Autorsk\u00e1 pr\u00e1va Obsah webu je v cel\u00e9m rozsahu chr\u00e1n\u011bn autorsk\u00fdm pr\u00e1vem. Nen\u00ed-li v\u00fdslovn\u011b uvedeno jinak, nen\u00ed mo\u017en\u00e9 obsah p\u0159eb\u00edrat, kop\u00edrovat, reprodukovat ani d\u00e1le \u0161\u00ed\u0159it jin\u00fdmi kan\u00e1ly, s v\u00fdjimkou tisku pro osobn\u00ed pot\u0159ebu&#8230;<\/p>","protected":false},"author":1,"featured_media":0,"parent":0,"menu_order":0,"comment_status":"closed","ping_status":"closed","template":"elementor_header_footer","meta":{"footnotes":""},"class_list":["post-170","page","type-page","status-publish","hentry"],"yoast_head":"<!-- This site is optimized with the Yoast SEO Premium plugin v20.11 (Yoast SEO v27.4) - https:\/\/yoast.com\/product\/yoast-seo-premium-wordpress\/ -->\n<title>Ochrana soukromi - GGI CZECH s.r.o.<\/title>\n<meta name=\"robots\" content=\"index, follow, max-snippet:-1, max-image-preview:large, max-video-preview:-1\" \/>\n<link rel=\"canonical\" href=\"https:\/\/ggi-czech.cz\/en\/ochrana-soukromi\/\" \/>\n<meta property=\"og:locale\" content=\"en_US\" \/>\n<meta property=\"og:type\" content=\"article\" \/>\n<meta property=\"og:title\" content=\"Ochrana soukromi\" \/>\n<meta property=\"og:description\" content=\"Spole\u010dnost GGI CZECH s.r.o. zastupuje organizace German Genetics International GmbH (GGI), kter\u00e1 zaji\u0161\u0165uje nab\u00eddku plemenn\u00e9ho materi\u00e1lu skotu od velk\u00fdch n\u011bmeck\u00fdch plemen\u00e1\u0159sk\u00fdch organizac\u00ed.\" \/>\n<meta property=\"og:url\" content=\"https:\/\/ggi-czech.cz\/en\/ochrana-soukromi\/\" \/>\n<meta property=\"og:site_name\" content=\"GGI CZECH s.r.o.\" \/>\n<meta property=\"article:publisher\" content=\"https:\/\/www.facebook.com\/ggiczech.cz\/\" \/>\n<meta property=\"article:modified_time\" content=\"2025-03-21T10:41:24+00:00\" \/>\n<meta property=\"og:image\" content=\"https:\/\/ggi-czech.cz\/wp-content\/uploads\/2024\/12\/162e09-1.png\" \/>\n\t<meta property=\"og:image:width\" content=\"2048\" \/>\n\t<meta property=\"og:image:height\" content=\"1364\" \/>\n\t<meta property=\"og:image:type\" content=\"image\/png\" \/>\n<meta name=\"twitter:card\" content=\"summary_large_image\" \/>\n<meta name=\"twitter:label1\" content=\"Est. reading time\" \/>\n\t<meta name=\"twitter:data1\" content=\"2 minutes\" \/>\n<script type=\"application\/ld+json\" class=\"yoast-schema-graph\">{\"@context\":\"https:\\\/\\\/schema.org\",\"@graph\":[{\"@type\":\"WebPage\",\"@id\":\"https:\\\/\\\/ggi-czech.cz\\\/en\\\/ochrana-soukromi\\\/\",\"url\":\"https:\\\/\\\/ggi-czech.cz\\\/en\\\/ochrana-soukromi\\\/\",\"name\":\"Ochrana soukromi - GGI CZECH s.r.o.\",\"isPartOf\":{\"@id\":\"https:\\\/\\\/ggi-czech.cz\\\/en\\\/#website\"},\"datePublished\":\"2021-04-19T13:46:28+00:00\",\"dateModified\":\"2025-03-21T10:41:24+00:00\",\"breadcrumb\":{\"@id\":\"https:\\\/\\\/ggi-czech.cz\\\/en\\\/ochrana-soukromi\\\/#breadcrumb\"},\"inLanguage\":\"en-US\",\"potentialAction\":[{\"@type\":\"ReadAction\",\"target\":[\"https:\\\/\\\/ggi-czech.cz\\\/en\\\/ochrana-soukromi\\\/\"]}]},{\"@type\":\"BreadcrumbList\",\"@id\":\"https:\\\/\\\/ggi-czech.cz\\\/en\\\/ochrana-soukromi\\\/#breadcrumb\",\"itemListElement\":[{\"@type\":\"ListItem\",\"position\":1,\"name\":\"Home\",\"item\":\"https:\\\/\\\/ggi-czech.cz\\\/\"},{\"@type\":\"ListItem\",\"position\":2,\"name\":\"Ochrana soukromi\"}]},{\"@type\":\"WebSite\",\"@id\":\"https:\\\/\\\/ggi-czech.cz\\\/en\\\/#website\",\"url\":\"https:\\\/\\\/ggi-czech.cz\\\/en\\\/\",\"name\":\"GGI CZECH s.r.o.\",\"description\":\"Spole\u010dnost GGI CZECH s.r.o. zastupuje organizace German Genetics International GmbH (GGI), kter\u00e1 zaji\u0161\u0165uje nab\u00eddku plemenn\u00e9ho materi\u00e1lu skotu od velk\u00fdch n\u011bmeck\u00fdch plemen\u00e1\u0159sk\u00fdch organizac\u00ed.\",\"publisher\":{\"@id\":\"https:\\\/\\\/ggi-czech.cz\\\/en\\\/#organization\"},\"potentialAction\":[{\"@type\":\"SearchAction\",\"target\":{\"@type\":\"EntryPoint\",\"urlTemplate\":\"https:\\\/\\\/ggi-czech.cz\\\/en\\\/?s={search_term_string}\"},\"query-input\":{\"@type\":\"PropertyValueSpecification\",\"valueRequired\":true,\"valueName\":\"search_term_string\"}}],\"inLanguage\":\"en-US\"},{\"@type\":\"Organization\",\"@id\":\"https:\\\/\\\/ggi-czech.cz\\\/en\\\/#organization\",\"name\":\"GGI CZECH s.r.o.\",\"url\":\"https:\\\/\\\/ggi-czech.cz\\\/en\\\/\",\"logo\":{\"@type\":\"ImageObject\",\"inLanguage\":\"en-US\",\"@id\":\"https:\\\/\\\/ggi-czech.cz\\\/en\\\/#\\\/schema\\\/logo\\\/image\\\/\",\"url\":\"https:\\\/\\\/ggi-czech.cz\\\/wp-content\\\/uploads\\\/2024\\\/12\\\/162e09.png\",\"contentUrl\":\"https:\\\/\\\/ggi-czech.cz\\\/wp-content\\\/uploads\\\/2024\\\/12\\\/162e09.png\",\"width\":2048,\"height\":1364,\"caption\":\"GGI CZECH s.r.o.\"},\"image\":{\"@id\":\"https:\\\/\\\/ggi-czech.cz\\\/en\\\/#\\\/schema\\\/logo\\\/image\\\/\"},\"sameAs\":[\"https:\\\/\\\/www.facebook.com\\\/ggiczech.cz\\\/\",\"https:\\\/\\\/www.instagram.com\\\/ggiczech\"]}]}<\/script>\n<!-- \/ Yoast SEO Premium plugin. -->","yoast_head_json":{"title":"Ochrana soukromi - GGI CZECH s.r.o.","robots":{"index":"index","follow":"follow","max-snippet":"max-snippet:-1","max-image-preview":"max-image-preview:large","max-video-preview":"max-video-preview:-1"},"canonical":"https:\/\/ggi-czech.cz\/en\/ochrana-soukromi\/","og_locale":"en_US","og_type":"article","og_title":"Ochrana soukromi","og_description":"Spole\u010dnost GGI CZECH s.r.o. zastupuje organizace German Genetics International GmbH (GGI), kter\u00e1 zaji\u0161\u0165uje nab\u00eddku plemenn\u00e9ho materi\u00e1lu skotu od velk\u00fdch n\u011bmeck\u00fdch plemen\u00e1\u0159sk\u00fdch organizac\u00ed.","og_url":"https:\/\/ggi-czech.cz\/en\/ochrana-soukromi\/","og_site_name":"GGI CZECH s.r.o.","article_publisher":"https:\/\/www.facebook.com\/ggiczech.cz\/","article_modified_time":"2025-03-21T10:41:24+00:00","og_image":[{"width":2048,"height":1364,"url":"https:\/\/ggi-czech.cz\/wp-content\/uploads\/2024\/12\/162e09-1.png","type":"image\/png"}],"twitter_card":"summary_large_image","twitter_misc":{"Est. reading time":"2 minutes"},"schema":{"@context":"https:\/\/schema.org","@graph":[{"@type":"WebPage","@id":"https:\/\/ggi-czech.cz\/en\/ochrana-soukromi\/","url":"https:\/\/ggi-czech.cz\/en\/ochrana-soukromi\/","name":"Ochrana soukromi - GGI CZECH s.r.o.","isPartOf":{"@id":"https:\/\/ggi-czech.cz\/en\/#website"},"datePublished":"2021-04-19T13:46:28+00:00","dateModified":"2025-03-21T10:41:24+00:00","breadcrumb":{"@id":"https:\/\/ggi-czech.cz\/en\/ochrana-soukromi\/#breadcrumb"},"inLanguage":"en-US","potentialAction":[{"@type":"ReadAction","target":["https:\/\/ggi-czech.cz\/en\/ochrana-soukromi\/"]}]},{"@type":"BreadcrumbList","@id":"https:\/\/ggi-czech.cz\/en\/ochrana-soukromi\/#breadcrumb","itemListElement":[{"@type":"ListItem","position":1,"name":"Home","item":"https:\/\/ggi-czech.cz\/"},{"@type":"ListItem","position":2,"name":"Ochrana soukromi"}]},{"@type":"WebSite","@id":"https:\/\/ggi-czech.cz\/en\/#website","url":"https:\/\/ggi-czech.cz\/en\/","name":"GGI CZECH s.r.o.","description":"Spole\u010dnost GGI CZECH s.r.o. zastupuje organizace German Genetics International GmbH (GGI), kter\u00e1 zaji\u0161\u0165uje nab\u00eddku plemenn\u00e9ho materi\u00e1lu skotu od velk\u00fdch n\u011bmeck\u00fdch plemen\u00e1\u0159sk\u00fdch organizac\u00ed.","publisher":{"@id":"https:\/\/ggi-czech.cz\/en\/#organization"},"potentialAction":[{"@type":"SearchAction","target":{"@type":"EntryPoint","urlTemplate":"https:\/\/ggi-czech.cz\/en\/?s={search_term_string}"},"query-input":{"@type":"PropertyValueSpecification","valueRequired":true,"valueName":"search_term_string"}}],"inLanguage":"en-US"},{"@type":"Organization","@id":"https:\/\/ggi-czech.cz\/en\/#organization","name":"GGI CZECH s.r.o.","url":"https:\/\/ggi-czech.cz\/en\/","logo":{"@type":"ImageObject","inLanguage":"en-US","@id":"https:\/\/ggi-czech.cz\/en\/#\/schema\/logo\/image\/","url":"https:\/\/ggi-czech.cz\/wp-content\/uploads\/2024\/12\/162e09.png","contentUrl":"https:\/\/ggi-czech.cz\/wp-content\/uploads\/2024\/12\/162e09.png","width":2048,"height":1364,"caption":"GGI CZECH s.r.o."},"image":{"@id":"https:\/\/ggi-czech.cz\/en\/#\/schema\/logo\/image\/"},"sameAs":["https:\/\/www.facebook.com\/ggiczech.cz\/","https:\/\/www.instagram.com\/ggiczech"]}]}},"_links":{"self":[{"href":"https:\/\/ggi-czech.cz\/en\/wp-json\/wp\/v2\/pages\/170","targetHints":{"allow":["GET"]}}],"collection":[{"href":"https:\/\/ggi-czech.cz\/en\/wp-json\/wp\/v2\/pages"}],"about":[{"href":"https:\/\/ggi-czech.cz\/en\/wp-json\/wp\/v2\/types\/page"}],"author":[{"embeddable":true,"href":"https:\/\/ggi-czech.cz\/en\/wp-json\/wp\/v2\/users\/1"}],"replies":[{"embeddable":true,"href":"https:\/\/ggi-czech.cz\/en\/wp-json\/wp\/v2\/comments?post=170"}],"version-history":[{"count":20,"href":"https:\/\/ggi-czech.cz\/en\/wp-json\/wp\/v2\/pages\/170\/revisions"}],"predecessor-version":[{"id":20534,"href":"https:\/\/ggi-czech.cz\/en\/wp-json\/wp\/v2\/pages\/170\/revisions\/20534"}],"wp:attachment":[{"href":"https:\/\/ggi-czech.cz\/en\/wp-json\/wp\/v2\/media?parent=170"}],"curies":[{"name":"wp","href":"https:\/\/api.w.org\/{rel}","templated":true}]}}